{"id":487,"date":"2018-07-24T17:58:34","date_gmt":"2018-07-24T15:58:34","guid":{"rendered":"https:\/\/lizenzking.de\/staging\/blog\/de\/?page_id=487"},"modified":"2019-03-21T17:01:40","modified_gmt":"2019-03-21T16:01:40","slug":"mentions-legales","status":"publish","type":"page","link":"https:\/\/licenceking.co.uk\/blog\/mentions-legales\/","title":{"rendered":"Legal notice"},"content":{"rendered":"<div class=\"custom-page--content content block\">\n<div class=\"content--custom\">\n<p><strong>About Us<\/p>\n<p>Legal website operator identification:<\/p>\n<p>BDG Handel UG (haftungsbeschr\u00e4nkt)<br \/>\nWuppertalstr.14<br \/>\n51381 Leverkusen<br \/>\nRepresented by the general manager Christian Di Geraci<br \/>\nTelephone: +4921713779935<br \/>\nE-Mail: info@licenceking.co.uk<br \/>\nVAT No.: DE306794466<\/strong><br \/>\n<strong>listed in the commercial register of the local court K\u00f6ln<br \/>\nCommercial register number &#8211; Part B of the commercial register &#8211; 88146<\/strong><\/p>\n<p><strong>Responsible for the contents as per \u00a7 55 of the RStV (Interstate Broadcasting Agreement):<\/strong><br \/>\nHerr Christian Di Geraci<br \/>\nWuppertalstra\u00dfe 14<br \/>\n51381 Leverkusen<br \/>\nDeutschland<\/p>\n<p><strong>Alternative dispute resolution:<\/strong><br \/>\nThe European Commission provides a platform for the out-of-court resolution of disputes (ODR platform), which can be viewed under <a href=\"http:\/\/ec.europa.eu\/odr\" target=\"_blank\" rel=\"nofollow noopener\">https:\/\/ec.europa.eu\/odr<\/a>.<\/p>\n<p>We are ready to participate in extra-judicial dispute settlement proceedings before a consumer dispute resolution body.<\/p>\n<p>The competent body in this matter is: Allgemeine Verbraucherschlichtungsstelle des Zentrums f\u00fcr Schlichtung e.V., Stra\u00dfburgerstra\u00dfe 8, 77694 Kehl am Rhein, Germany, http:\/\/www.verbraucher-schlichter.de<\/p>\n<p><strong>We are a member of the initiative \u201eFairCommerce\u201c since\u00a0<\/strong><strong>22.07.2016<\/strong><strong>.<\/strong><br \/>\nFor more information, see:\u00a0www.fair-commerce.de<\/p>\n<\/div>\n<\/div>\n","protected":false},"excerpt":{"rendered":"<p>About Us Legal website operator identification: BDG Handel UG (haftungsbeschr\u00e4nkt) Wuppertalstr.14 51381 Leverkusen Represented by the general manager Christian Di Geraci Telephone: +4921713779935 E-Mail: info@licenceking.co.uk VAT No.: DE306794466 listed in the commercial register of the local court K\u00f6ln Commercial register number &#8211; Part B of the commercial register &#8211; 88146 Responsible for the contents as [&hellip;]<\/p>\n","protected":false},"author":1,"featured_media":0,"parent":0,"menu_order":0,"comment_status":"closed","ping_status":"closed","template":"","meta":[],"_links":{"self":[{"href":"https:\/\/licenceking.co.uk\/blog\/wp-json\/wp\/v2\/pages\/487"}],"collection":[{"href":"https:\/\/licenceking.co.uk\/blog\/wp-json\/wp\/v2\/pages"}],"about":[{"href":"https:\/\/licenceking.co.uk\/blog\/wp-json\/wp\/v2\/types\/page"}],"author":[{"embeddable":true,"href":"https:\/\/licenceking.co.uk\/blog\/wp-json\/wp\/v2\/users\/1"}],"replies":[{"embeddable":true,"href":"https:\/\/licenceking.co.uk\/blog\/wp-json\/wp\/v2\/comments?post=487"}],"version-history":[{"count":2,"href":"https:\/\/licenceking.co.uk\/blog\/wp-json\/wp\/v2\/pages\/487\/revisions"}],"predecessor-version":[{"id":1113,"href":"https:\/\/licenceking.co.uk\/blog\/wp-json\/wp\/v2\/pages\/487\/revisions\/1113"}],"wp:attachment":[{"href":"https:\/\/licenceking.co.uk\/blog\/wp-json\/wp\/v2\/media?parent=487"}],"curies":[{"name":"wp","href":"https:\/\/api.w.org\/{rel}","templated":true}]}}